{"id":6,"date":"2025-11-27T08:46:34","date_gmt":"2025-11-27T08:46:34","guid":{"rendered":"https:\/\/brincostudio.es\/?page_id=6"},"modified":"2026-01-07T10:36:10","modified_gmt":"2026-01-07T10:36:10","slug":"create-your-website-with-blocks","status":"publish","type":"page","link":"https:\/\/brincostudio.es\/","title":{"rendered":"Untitled"},"content":{"rendered":"\n<h2 class=\"wp-block-heading alignwide has-text-align-wide has-huge-font-size\" style=\"line-height:1.1\">Somos el <em>brinco<\/em> que tu marca necesita.<\/h2>\n\n\n\n<div style=\"height:100px\" aria-hidden=\"true\" class=\"wp-block-spacer\"><\/div>\n\n\n\n<div class=\"wp-block-columns alignwide are-vertically-aligned-center is-style-twentytwentyone-columns-overlap is-layout-flex wp-container-core-columns-is-layout-9d6595d7 wp-block-columns-is-layout-flex\">\n<div class=\"wp-block-column is-vertically-aligned-center is-layout-flow wp-block-column-is-layout-flow\">\n<figure class=\"wp-block-image alignfull size-full\"><img loading=\"lazy\" decoding=\"async\" width=\"736\" height=\"981\" src=\"https:\/\/brincostudio.es\/wp-content\/uploads\/2025\/12\/unnamed-file.jpg\" alt=\"\" class=\"wp-image-28\" srcset=\"https:\/\/brincostudio.es\/wp-content\/uploads\/2025\/12\/unnamed-file.jpg 736w, https:\/\/brincostudio.es\/wp-content\/uploads\/2025\/12\/unnamed-file-225x300.jpg 225w\" sizes=\"auto, (max-width: 736px) 100vw, 736px\" \/><\/figure>\n\n\n\n<div style=\"height:100px\" aria-hidden=\"true\" class=\"wp-block-spacer\"><\/div>\n\n\n\n<figure class=\"wp-block-image alignfull size-large is-style-twentytwentyone-image-frame\"><img loading=\"lazy\" decoding=\"async\" width=\"768\" height=\"1024\" src=\"https:\/\/brincostudio.es\/wp-content\/uploads\/2025\/12\/ordenador-768x1024.jpg\" alt=\"\" class=\"wp-image-31\" srcset=\"https:\/\/brincostudio.es\/wp-content\/uploads\/2025\/12\/ordenador-768x1024.jpg 768w, https:\/\/brincostudio.es\/wp-content\/uploads\/2025\/12\/ordenador-225x300.jpg 225w, https:\/\/brincostudio.es\/wp-content\/uploads\/2025\/12\/ordenador-1152x1536.jpg 1152w, https:\/\/brincostudio.es\/wp-content\/uploads\/2025\/12\/ordenador.jpg 1200w\" sizes=\"auto, (max-width: 768px) 100vw, 768px\" \/><\/figure>\n<\/div>\n\n\n\n<div class=\"wp-block-column is-vertically-aligned-center is-layout-flow wp-block-column-is-layout-flow\">\n<div style=\"height:100px\" aria-hidden=\"true\" class=\"wp-block-spacer\"><\/div>\n\n\n\n<figure class=\"wp-block-image size-large alignfull size-full is-style-twentytwentyone-border\"><img loading=\"lazy\" decoding=\"async\" width=\"769\" height=\"1024\" src=\"https:\/\/brincostudio.es\/wp-content\/uploads\/2025\/12\/fotos-d-769x1024.jpg\" alt=\"\" class=\"wp-image-30\" srcset=\"https:\/\/brincostudio.es\/wp-content\/uploads\/2025\/12\/fotos-d-769x1024.jpg 769w, https:\/\/brincostudio.es\/wp-content\/uploads\/2025\/12\/fotos-d-225x300.jpg 225w, https:\/\/brincostudio.es\/wp-content\/uploads\/2025\/12\/fotos-d-768x1023.jpg 768w, https:\/\/brincostudio.es\/wp-content\/uploads\/2025\/12\/fotos-d-1153x1536.jpg 1153w, https:\/\/brincostudio.es\/wp-content\/uploads\/2025\/12\/fotos-d.jpg 1200w\" sizes=\"auto, (max-width: 769px) 100vw, 769px\" \/><\/figure>\n<\/div>\n<\/div>\n\n\n\n<div style=\"height:50px\" aria-hidden=\"true\" class=\"wp-block-spacer\"><\/div>\n\n\n\n<div class=\"wp-block-columns alignwide are-vertically-aligned-top is-layout-flex wp-container-core-columns-is-layout-9d6595d7 wp-block-columns-is-layout-flex\">\n<div class=\"wp-block-column is-vertically-aligned-top is-layout-flow wp-block-column-is-layout-flow\">\n<h3 class=\"wp-block-heading\"><em>Creatividad<\/em><\/h3>\n\n\n\n<p>Transformamos ideas en proyectos visuales y estrat\u00e9gicos que conectan con tu p\u00fablico. Cada dise\u00f1o, campa\u00f1a o pieza de contenido est\u00e1 pensado para generar impacto y dejar una impresi\u00f3n duradera. Nuestro objetivo: que tu marca no pase desapercibida.<\/p>\n<\/div>\n\n\n\n<div class=\"wp-block-column is-vertically-aligned-top is-layout-flow wp-block-column-is-layout-flow\">\n<h3 class=\"wp-block-heading\"><em>Soluciones integrales<\/em><\/h3>\n\n\n\n<p>Ofrecemos un enfoque completo para que tu marca crezca: desde&nbsp;<strong>branding y dise\u00f1o digital<\/strong>&nbsp;hasta&nbsp;<strong>estrategia y contenido creativo<\/strong>. Nos encargamos de cada detalle, asegurando coherencia y efectividad en todos los puntos de contacto con tus clientes.<\/p>\n<\/div>\n\n\n\n<div class=\"wp-block-column is-vertically-aligned-top is-layout-flow wp-block-column-is-layout-flow\">\n<h3 class=\"wp-block-heading\"><em>Compromiso<\/em><\/h3>\n\n\n\n<p>Nos apasiona ver crecer a nuestros clientes. Por eso acompa\u00f1amos cada proyecto de principio a fin, combinando creatividad, innovaci\u00f3n y estrategia para que cada iniciativa tenga resultados tangibles y refuerce la identidad de tu marca.<\/p>\n<\/div>\n<\/div>\n\n\n\n<figure class=\"wp-block-image size-large is-resized\"><img loading=\"lazy\" decoding=\"async\" width=\"1024\" height=\"576\" src=\"https:\/\/brincostudio.es\/wp-content\/uploads\/2025\/12\/LOGO-BRINCO-STUDIO-1024x576.png\" alt=\"\" class=\"wp-image-32\" style=\"width:473px;height:auto\" srcset=\"https:\/\/brincostudio.es\/wp-content\/uploads\/2025\/12\/LOGO-BRINCO-STUDIO-1024x576.png 1024w, https:\/\/brincostudio.es\/wp-content\/uploads\/2025\/12\/LOGO-BRINCO-STUDIO-300x169.png 300w, https:\/\/brincostudio.es\/wp-content\/uploads\/2025\/12\/LOGO-BRINCO-STUDIO-768x432.png 768w, https:\/\/brincostudio.es\/wp-content\/uploads\/2025\/12\/LOGO-BRINCO-STUDIO-1536x864.png 1536w, https:\/\/brincostudio.es\/wp-content\/uploads\/2025\/12\/LOGO-BRINCO-STUDIO-1568x882.png 1568w, https:\/\/brincostudio.es\/wp-content\/uploads\/2025\/12\/LOGO-BRINCO-STUDIO.png 1920w\" sizes=\"auto, (max-width: 1024px) 100vw, 1024px\" \/><\/figure>\n","protected":false},"excerpt":{"rendered":"<p>Somos el brinco que tu marca necesita. Creatividad Transformamos ideas en proyectos visuales y estrat\u00e9gicos que conectan con tu p\u00fablico. Cada dise\u00f1o, campa\u00f1a o pieza de contenido est\u00e1 pensado para generar impacto y dejar una impresi\u00f3n duradera. Nuestro objetivo: que tu marca no pase desapercibida. Soluciones integrales Ofrecemos un enfoque completo para que tu marca&hellip; <a class=\"more-link\" href=\"https:\/\/brincostudio.es\/\">Continue reading <span class=\"screen-reader-text\">Untitled<\/span><\/a><\/p>\n","protected":false},"author":1,"featured_media":0,"parent":0,"menu_order":0,"comment_status":"closed","ping_status":"closed","template":"","meta":{"footnotes":""},"class_list":["post-6","page","type-page","status-publish","hentry","entry"],"_links":{"self":[{"href":"https:\/\/brincostudio.es\/index.php\/wp-json\/wp\/v2\/pages\/6","targetHints":{"allow":["GET"]}}],"collection":[{"href":"https:\/\/brincostudio.es\/index.php\/wp-json\/wp\/v2\/pages"}],"about":[{"href":"https:\/\/brincostudio.es\/index.php\/wp-json\/wp\/v2\/types\/page"}],"author":[{"embeddable":true,"href":"https:\/\/brincostudio.es\/index.php\/wp-json\/wp\/v2\/users\/1"}],"replies":[{"embeddable":true,"href":"https:\/\/brincostudio.es\/index.php\/wp-json\/wp\/v2\/comments?post=6"}],"version-history":[{"count":7,"href":"https:\/\/brincostudio.es\/index.php\/wp-json\/wp\/v2\/pages\/6\/revisions"}],"predecessor-version":[{"id":46,"href":"https:\/\/brincostudio.es\/index.php\/wp-json\/wp\/v2\/pages\/6\/revisions\/46"}],"wp:attachment":[{"href":"https:\/\/brincostudio.es\/index.php\/wp-json\/wp\/v2\/media?parent=6"}],"curies":[{"name":"wp","href":"https:\/\/api.w.org\/{rel}","templated":true}]}}